{"id":23,"date":"2025-08-27T00:59:27","date_gmt":"2025-08-27T06:59:27","guid":{"rendered":"https:\/\/lvsradio.com\/radio\/?page_id=23"},"modified":"2025-08-27T01:02:47","modified_gmt":"2025-08-27T07:02:47","slug":"anunciese","status":"publish","type":"page","link":"https:\/\/lvsradio.com\/radio\/anunciese\/","title":{"rendered":"Anunciese"},"content":{"rendered":"\n<div class=\"wp-block-cover is-light has-white-color has-text-color has-link-color wp-elements-9e5a19d45896a40c555dccc8790ba0da\" style=\"min-height:50px;aspect-ratio:unset;\"><span aria-hidden=\"true\" class=\"wp-block-cover__background has-cyan-bluish-gray-background-color has-background-dim-10 has-background-dim\"><\/span><div class=\"wp-block-cover__inner-container is-layout-constrained wp-block-cover-is-layout-constrained\">\n<div style=\"height:50px\" aria-hidden=\"true\" class=\"wp-block-spacer\"><\/div>\n\n\n\n<h2 class=\"wp-block-heading has-text-align-center\">Anuncia tu Negocio en LVS Radio: \u00a1Conecta con Nuestra Audiencia!<\/h2>\n\n\n\n<p>En LVS Radio, te ofrecemos la oportunidad de conectar directamente con nuestra creciente audiencia y hacer que tu mensaje sea escuchado. Sabemos lo importante que es la visibilidad para tu negocio, y por eso hemos dise\u00f1ado opciones publicitarias flexibles que se adaptan a tus necesidades y objetivos<\/p>\n\n\n\n<p class=\"has-text-align-center\"><strong>Al anunciar en LVS Radio, tu marca se beneficiar\u00e1 de:<\/strong><\/p>\n\n\n\n<p>\u2611 <strong><em>Alcance amplio y diversificado:<\/em><\/strong> Llegar\u00e1s a oyentes interesados en una variedad de contenidos, ampliando tu potencial de clientes<\/p>\n\n\n\n<p>\u2611 <strong><em>Credibilidad y confianza:<\/em><\/strong> Asociar tu marca con LVS Radio te brinda la confianza y credibilidad que nuestra audiencia ha depositado en nosotros<\/p>\n\n\n\n<p>\u2611 <strong><em>Opciones personalizadas:<\/em><\/strong> Te ofrecemos formatos publicitarios que se ajustan a tu estrategia y presupuesto<\/p>\n\n\n\n<p class=\"has-text-align-center\"><strong>Nuestras Opciones Publicitarias:<\/strong><\/p>\n\n\n\n<p>\u2022 <strong><em>Menciones en Programas en Vivo:<\/em><\/strong> Integra tu marca de forma natural y aut\u00e9ntica. Nuestros locutores pueden mencionar tu negocio, productos o servicios durante sus programas en vivo, generando un impacto directo y cercano con la audiencia. Esta opci\u00f3n es ideal para crear recordaci\u00f3n y asociar tu marca con el contenido favorito de nuestros oyentes.<\/p>\n\n\n\n<p>\u2022 <strong><em>Cu\u00f1as Radiales:<\/em><\/strong> Transmite tu mensaje de forma concisa y memorable con una cu\u00f1a radial. Puedes crear un spot publicitario creativo y profesional que se emitir\u00e1 durante nuestra programaci\u00f3n, asegurando que tu mensaje llegue a un gran n\u00famero de oyentes de manera repetida y efectiva<\/p>\n\n\n\n<p><em>En LVS Radio, estamos comprometidos con el \u00e9xito de nuestros anunciantes. Nuestro equipo est\u00e1 listo para ayudarte a dise\u00f1ar la estrategia publicitaria perfecta para tu negocio. \u00a1No pierdas la oportunidad de darle a tu marca la visibilidad que se merece! Cont\u00e1ctanos hoy mismo para obtener m\u00e1s informaci\u00f3n y descubrir c\u00f3mo podemos ayudarte a alcanzar tus metas. \u00bfTe gustar\u00eda que te presentemos una propuesta personalizada o tienes alguna pregunta espec\u00edfica sobre nuestras tarifas? ll\u00e1menos al tel\u00e9fono <a href=\"tel:+50379379690\">7937-9690<\/a> y un agente de publicidad lo visitar\u00e1<\/em><\/p>\n\n\n\n<div style=\"height:50px\" aria-hidden=\"true\" class=\"wp-block-spacer\"><\/div>\n<\/div><\/div>\n","protected":false},"excerpt":{"rendered":"<div class=\"mh-excerpt\"><\/div>","protected":false},"author":2,"featured_media":0,"parent":0,"menu_order":0,"comment_status":"closed","ping_status":"closed","template":"","meta":{"_seopress_robots_primary_cat":"","_seopress_titles_title":"","_seopress_titles_desc":"","_seopress_robots_index":"","footnotes":""},"class_list":["post-23","page","type-page","status-publish","hentry"],"_links":{"self":[{"href":"https:\/\/lvsradio.com\/radio\/wp-json\/wp\/v2\/pages\/23","targetHints":{"allow":["GET"]}}],"collection":[{"href":"https:\/\/lvsradio.com\/radio\/wp-json\/wp\/v2\/pages"}],"about":[{"href":"https:\/\/lvsradio.com\/radio\/wp-json\/wp\/v2\/types\/page"}],"author":[{"embeddable":true,"href":"https:\/\/lvsradio.com\/radio\/wp-json\/wp\/v2\/users\/2"}],"replies":[{"embeddable":true,"href":"https:\/\/lvsradio.com\/radio\/wp-json\/wp\/v2\/comments?post=23"}],"version-history":[{"count":4,"href":"https:\/\/lvsradio.com\/radio\/wp-json\/wp\/v2\/pages\/23\/revisions"}],"predecessor-version":[{"id":28,"href":"https:\/\/lvsradio.com\/radio\/wp-json\/wp\/v2\/pages\/23\/revisions\/28"}],"wp:attachment":[{"href":"https:\/\/lvsradio.com\/radio\/wp-json\/wp\/v2\/media?parent=23"}],"curies":[{"name":"wp","href":"https:\/\/api.w.org\/{rel}","templated":true}]}}