{"id":8,"date":"2025-08-27T00:36:08","date_gmt":"2025-08-27T06:36:08","guid":{"rendered":"https:\/\/lvsradio.com\/radio\/?page_id=8"},"modified":"2026-03-14T22:31:43","modified_gmt":"2026-03-15T04:31:43","slug":"en-vivo","status":"publish","type":"page","link":"https:\/\/lvsradio.com\/radio\/","title":{"rendered":"En Vivo"},"content":{"rendered":"\n<div class=\"wp-block-cover\" style=\"min-height:1106px;aspect-ratio:unset;\"><span aria-hidden=\"true\" class=\"wp-block-cover__background has-black-background-color has-background-dim-80 has-background-dim\"><\/span><div class=\"wp-block-cover__inner-container is-layout-flow wp-block-cover-is-layout-flow\">\n<div style=\"height:25px\" aria-hidden=\"true\" class=\"wp-block-spacer\"><\/div>\n\n\n\n<!-- Facebook like plugin -->\n<center>\n<iframe loading=\"lazy\" src=\"https:\/\/www.facebook.com\/plugins\/like.php?href=https%3A%2F%2Fwww.facebook.com%2Flvsradiousulutan&#038;width=450&#038;layout&#038;action&#038;size&#038;share=true&#038;height=35&#038;appId=1351435959157009\" width=\"450\" height=\"35\" style=\"border:none;overflow:hidden\" scrolling=\"no\" frameborder=\"0\" allowfullscreen=\"true\" allow=\"autoplay; clipboard-write; encrypted-media; picture-in-picture; web-share\"><\/iframe>\n<\/center>\n<!-- end Facebook like plugin -->\n\n\n\n<div style=\"height:25px\" aria-hidden=\"true\" class=\"wp-block-spacer\"><\/div>\n\n\n<div class=\"wp-block-image\">\n<figure class=\"aligncenter size-full\"><img alt=\"\" loading=\"lazy\" decoding=\"async\" width=\"1280\" height=\"150\" src=\"https:\/\/lvsradio.com\/radio\/wp-content\/uploads\/Gif-en-vivo.gif\" alt=\"\" class=\"wp-image-36\"\/><\/figure>\n<\/div>\n\n\n<div style=\"height:25px\" aria-hidden=\"true\" class=\"wp-block-spacer\"><\/div>\n\n\n\n<div class=\"wp-block-cover\" style=\"min-height:68px;aspect-ratio:unset;\"><img alt=\"\" loading=\"lazy\" decoding=\"async\" width=\"800\" height=\"600\" class=\"wp-block-cover__image-background wp-image-47 size-full\" alt=\"\" src=\"https:\/\/lvsradio.com\/radio\/wp-content\/uploads\/bg-radio-status.gif\" data-object-fit=\"cover\"\/><span aria-hidden=\"true\" class=\"wp-block-cover__background has-background-dim\"><\/span><div class=\"wp-block-cover__inner-container is-layout-constrained wp-block-cover-is-layout-constrained\">\n<div class=\"wp-block-columns is-not-stacked-on-mobile is-layout-flex wp-container-core-columns-is-layout-9d6595d7 wp-block-columns-is-layout-flex\">\n<div class=\"wp-block-column is-layout-flow wp-block-column-is-layout-flow\"><\/div>\n\n\n\n<div class=\"wp-block-column is-layout-flow wp-block-column-is-layout-flow\"><\/div>\n<\/div>\n<\/div><\/div>\n\n\n\n<div class=\"wp-block-cover is-light\" style=\"min-height:240px;aspect-ratio:unset;\"><span aria-hidden=\"true\" class=\"wp-block-cover__background has-white-background-color has-background-dim\"><\/span><div class=\"wp-block-cover__inner-container is-layout-flow wp-block-cover-is-layout-flow\">\n<div class=\"wp-block-cover\" style=\"min-height:145px;aspect-ratio:unset;\"><img alt=\"\" loading=\"lazy\" decoding=\"async\" width=\"1594\" height=\"826\" class=\"wp-block-cover__image-background wp-image-40\" alt=\"\" src=\"https:\/\/lvsradio.com\/radio\/wp-content\/uploads\/player-bg.gif\" data-object-fit=\"cover\"\/><span aria-hidden=\"true\" class=\"wp-block-cover__background has-black-background-color has-background-dim-90 has-background-dim\"><\/span><div class=\"wp-block-cover__inner-container is-layout-constrained wp-block-cover-is-layout-constrained\">\n<div style=\"height:50px\" aria-hidden=\"true\" class=\"wp-block-spacer\"><\/div>\n\n\n\n\n\n<!-- Player de Radio de TuneIn -->\n<iframe src=\"https:\/\/tunein.com\/embed\/player\/s346127\/\" style=\"width:100%; height:100px;\" scrolling=\"no\" frameborder=\"no\"><\/iframe>\n<!-- end Player de Radio de TuneIn -->\n\n\n\n<div style=\"height:50px\" aria-hidden=\"true\" class=\"wp-block-spacer\"><\/div>\n<\/div><\/div>\n\n\n\n<div style=\"height:25px\" aria-hidden=\"true\" class=\"wp-block-spacer\"><\/div>\n\n\n\n<div class=\"wp-block-cover\" style=\"min-height:50px;aspect-ratio:unset;\"><img alt=\"\" loading=\"lazy\" decoding=\"async\" width=\"667\" height=\"400\" class=\"wp-block-cover__image-background wp-image-42 size-full\" alt=\"\" src=\"https:\/\/lvsradio.com\/radio\/wp-content\/uploads\/chatbox-bg.jpg\" data-object-fit=\"cover\" srcset=\"https:\/\/lvsradio.com\/radio\/wp-content\/uploads\/chatbox-bg.jpg 667w, https:\/\/lvsradio.com\/radio\/wp-content\/uploads\/chatbox-bg-300x180.jpg 300w\" sizes=\"auto, (max-width: 667px) 100vw, 667px\" \/><span aria-hidden=\"true\" class=\"wp-block-cover__background has-background-dim\" style=\"background-color:#2d3e84\"><\/span><div class=\"wp-block-cover__inner-container is-layout-constrained wp-block-cover-is-layout-constrained\">\n<div style=\"height:15px\" aria-hidden=\"true\" class=\"wp-block-spacer\"><\/div>\n\n\n\n<div style=\"height:15px\" aria-hidden=\"true\" class=\"wp-block-spacer\"><\/div>\n\n\n\n<!-- CBOX Chat Script -->\n<center>\n<iframe loading=\"lazy\" src=\"https:\/\/www3.cbox.ws\/box\/?boxid=3546707&#038;boxtag=I37bKZ\" width=\"100%\" height=\"450\" allowtransparency=\"yes\" allow=\"autoplay\" frameborder=\"0\" marginheight=\"0\" marginwidth=\"0\" scrolling=\"auto\"><\/iframe>\t\n<\/center>\n<!-- end CBOX Chat Script -->\n\n\n\n<div style=\"height:15px\" aria-hidden=\"true\" class=\"wp-block-spacer\"><\/div>\n<\/div><\/div>\n<\/div><\/div>\n\n\n\n<div style=\"height:50px\" aria-hidden=\"true\" class=\"wp-block-spacer\"><\/div>\n\n\n\n<div style=\"height:50px\" aria-hidden=\"true\" class=\"wp-block-spacer\"><\/div>\n\n\n\n<div class=\"wp-block-cover is-light has-parallax\" style=\"min-height:111px;aspect-ratio:unset;\"><div class=\"wp-block-cover__image-background wp-image-45 size-large has-parallax\" style=\"background-position:50% 50%;background-image:url(https:\/\/lvsradio.com\/radio\/wp-content\/uploads\/bg-description-1024x731.jpg)\"><\/div><span aria-hidden=\"true\" class=\"wp-block-cover__background has-background-dim-90 has-background-dim\" style=\"background-color:#e4ed7f\"><\/span><div class=\"wp-block-cover__inner-container is-layout-constrained wp-block-cover-is-layout-constrained\"><div class=\"wp-block-image\">\n<figure class=\"aligncenter size-full\"><img alt=\"\" loading=\"lazy\" decoding=\"async\" width=\"1080\" height=\"1080\" src=\"https:\/\/lvsradio.com\/radio\/wp-content\/uploads\/Logo-LVS-1080x1080px.png\" alt=\"\" class=\"wp-image-18\" title=\"Tiny Logo\" srcset=\"https:\/\/lvsradio.com\/radio\/wp-content\/uploads\/Logo-LVS-1080x1080px.png 1080w, https:\/\/lvsradio.com\/radio\/wp-content\/uploads\/Logo-LVS-1080x1080px-300x300.png 300w, https:\/\/lvsradio.com\/radio\/wp-content\/uploads\/Logo-LVS-1080x1080px-1024x1024.png 1024w, https:\/\/lvsradio.com\/radio\/wp-content\/uploads\/Logo-LVS-1080x1080px-150x150.png 150w, https:\/\/lvsradio.com\/radio\/wp-content\/uploads\/Logo-LVS-1080x1080px-768x768.png 768w\" sizes=\"auto, (max-width: 1080px) 100vw, 1080px\" \/><\/figure>\n<\/div>\n\n\n<h2 class=\"wp-block-heading has-text-align-center has-vivid-cyan-blue-color has-text-color has-link-color wp-elements-e2890bc1f613252e393ee16f019d3c09\"><strong><em>LVS Radio \u2014 \u00a1La Voz del Sur!<\/em><\/strong><\/h2>\n\n\n\n<p class=\"has-text-align-center has-medium-font-size\"><em><strong>Sinton\u00edcenos a nivel mundial a trav\u00e9s de este sitio web.&nbsp;Actualmente con audiencia reportada en mas de 25 pa\u00edses y transmisi\u00f3n en vivo para 98 pa\u00edses de manera simultanea en nuestra web, en nuestra app para android y en directorios internacionales de radio. Esc\u00fachenos y sea parte de los cientos de personas que nos escuchan a diario<\/strong><\/em><\/p>\n\n\n\n<hr class=\"wp-block-separator aligncenter has-alpha-channel-opacity is-style-dots\"\/>\n\n\n\n<div class=\"wp-block-columns is-layout-flex wp-container-core-columns-is-layout-9d6595d7 wp-block-columns-is-layout-flex\">\n<div class=\"wp-block-column is-layout-flow wp-block-column-is-layout-flow\">\n<h3 class=\"wp-block-heading\"><em>\u2714 Programaci\u00f3n variada para toda la familia latinoamericana<\/em><\/h3>\n\n\n\n<div style=\"height:20px\" aria-hidden=\"true\" class=\"wp-block-spacer\"><\/div>\n\n\n\n<p>\u2605 Escuche a nuestros locutores que le acompa\u00f1an a toda hora complaciendo sus peticiones musicales, saludos al aire, datos curiosos, noticias y promociones<\/p>\n\n\n\n<p>\u2605 Turnos con programaci\u00f3n por bloques de ritmos, para que disfrute en todo lugar y a toda hora<\/p>\n\n\n\n<p>\u2605 Anuncie sus productos y servicios con el medio de publicidad mas confiable,&nbsp;efectivo y perdurable en el tiempo<\/p>\n<\/div>\n\n\n\n<div class=\"wp-block-column is-layout-flow wp-block-column-is-layout-flow\">\n<h3 class=\"wp-block-heading\"><em>\u2714 Sea parte de nuestra programaci\u00f3n diaria<\/em><\/h3>\n\n\n\n<div style=\"height:20px\" aria-hidden=\"true\" class=\"wp-block-spacer\"><\/div>\n\n\n\n<p><em><strong>M\u00e1ndenos sus saludos y notas de audio a cabina v\u00eda&nbsp;<\/strong><\/em><strong><em>WhatsApp<\/em><\/strong>&nbsp;y las ponemos a sonar al aire. Salude a sus cumplea\u00f1eros del d\u00eda, opine sobre nuestros temas y perm\u00edtanos entrevistarle para que nuestra audiencia conozca sus productos y servicios. Estamos para ayudarle a promocionar su negocio<\/p>\n\n\n<div class=\"wp-block-image\">\n<figure class=\"aligncenter size-full\"><a href=\"https:\/\/wa.me\/50377054395?text=Hola%20cabina\" target=\"_blank\" rel=\" noreferrer noopener\"><img alt=\"\" loading=\"lazy\" decoding=\"async\" width=\"500\" height=\"100\" src=\"https:\/\/lvsradio.com\/radio\/wp-content\/uploads\/banner-whatsapp.png\" alt=\"\" class=\"wp-image-48\" srcset=\"https:\/\/lvsradio.com\/radio\/wp-content\/uploads\/banner-whatsapp.png 500w, https:\/\/lvsradio.com\/radio\/wp-content\/uploads\/banner-whatsapp-300x60.png 300w\" sizes=\"auto, (max-width: 500px) 100vw, 500px\" \/><\/a><\/figure>\n<\/div><\/div>\n<\/div>\n<\/div><\/div>\n\n\n\n<div style=\"height:25px\" aria-hidden=\"true\" class=\"wp-block-spacer\"><\/div>\n\n\n\n<div class=\"wp-block-cover is-light\" style=\"min-height:91px;aspect-ratio:unset;\"><span aria-hidden=\"true\" class=\"wp-block-cover__background has-gray-background-color has-background-dim\"><\/span><div class=\"wp-block-cover__inner-container is-layout-flow wp-block-cover-is-layout-flow\">\n<h3 class=\"wp-block-heading has-text-align-center has-white-color has-text-color\">Esc\u00fachenos tambi\u00e9n en otras plataformas:<\/h3>\n\n\n\n<div class=\"wp-block-columns is-not-stacked-on-mobile is-layout-flex wp-container-core-columns-is-layout-9d6595d7 wp-block-columns-is-layout-flex\">\n<div class=\"wp-block-column is-layout-flow wp-block-column-is-layout-flow\"><div class=\"wp-block-image\">\n<figure class=\"aligncenter size-full\"><img alt=\"\" loading=\"lazy\" decoding=\"async\" width=\"150\" height=\"150\" src=\"https:\/\/lvsradio.com\/radio\/wp-content\/uploads\/icon-Google-Play-150x150px.png\" alt=\"\" class=\"wp-image-50\"\/><\/figure>\n<\/div><\/div>\n\n\n\n<div class=\"wp-block-column is-layout-flow wp-block-column-is-layout-flow\"><div class=\"wp-block-image\">\n<figure class=\"aligncenter size-full\"><a href=\"https:\/\/onlineradiobox.com\/sv\/lvs\/\" target=\"_blank\" rel=\"noreferrer noopener\"><img alt=\"\" loading=\"lazy\" decoding=\"async\" width=\"150\" height=\"150\" src=\"https:\/\/lvsradio.com\/radio\/wp-content\/uploads\/icon-online-radio-box-150x150px.png\" alt=\"\" class=\"wp-image-51\"\/><\/a><\/figure>\n<\/div><\/div>\n\n\n\n<div class=\"wp-block-column is-layout-flow wp-block-column-is-layout-flow\"><div class=\"wp-block-image\">\n<figure class=\"aligncenter size-full\"><img alt=\"\" loading=\"lazy\" decoding=\"async\" width=\"150\" height=\"150\" src=\"https:\/\/lvsradio.com\/radio\/wp-content\/uploads\/icon-zeno-media-150x150px.png\" alt=\"\" class=\"wp-image-52\"\/><\/figure>\n<\/div><\/div>\n\n\n\n<div class=\"wp-block-column is-layout-flow wp-block-column-is-layout-flow\"><div class=\"wp-block-image\">\n<figure class=\"aligncenter size-full\"><img alt=\"\" loading=\"lazy\" decoding=\"async\" width=\"150\" height=\"150\" src=\"https:\/\/lvsradio.com\/radio\/wp-content\/uploads\/icon-Live-Online-Radio-150x150px.png\" alt=\"\" class=\"wp-image-53\"\/><\/figure>\n<\/div><\/div>\n\n\n\n<div class=\"wp-block-column is-layout-flow wp-block-column-is-layout-flow\"><div class=\"wp-block-image\">\n<figure class=\"aligncenter size-full\"><a href=\"https:\/\/play.google.com\/store\/apps\/details?id=radiosonlinegas.sv\" target=\"_blank\" rel=\"noreferrer noopener\"><img alt=\"\" loading=\"lazy\" decoding=\"async\" width=\"150\" height=\"150\" src=\"https:\/\/lvsradio.com\/radio\/wp-content\/uploads\/icon-GAS-medios-150x150px.png\" alt=\"\" class=\"wp-image-54\"\/><\/a><\/figure>\n<\/div><\/div>\n<\/div>\n<\/div><\/div>\n\n\n<div class=\"wp-block-image\">\n<figure class=\"aligncenter size-large\"><a href=\"https:\/\/www.radiobuenasepocas.com\/\" target=\"_blank\" rel=\" noreferrer noopener\"><img alt=\"\" loading=\"lazy\" decoding=\"async\" width=\"1024\" height=\"299\" src=\"https:\/\/lvsradio.com\/radio\/wp-content\/uploads\/banner-radiobuenasepocas_com-1200x350px-1024x299.jpg\" alt=\"\" class=\"wp-image-57\" srcset=\"https:\/\/lvsradio.com\/radio\/wp-content\/uploads\/banner-radiobuenasepocas_com-1200x350px-1024x299.jpg 1024w, https:\/\/lvsradio.com\/radio\/wp-content\/uploads\/banner-radiobuenasepocas_com-1200x350px-300x88.jpg 300w, https:\/\/lvsradio.com\/radio\/wp-content\/uploads\/banner-radiobuenasepocas_com-1200x350px-768x224.jpg 768w, https:\/\/lvsradio.com\/radio\/wp-content\/uploads\/banner-radiobuenasepocas_com-1200x350px.jpg 1200w\" sizes=\"auto, (max-width: 1024px) 100vw, 1024px\" \/><\/a><\/figure>\n<\/div>\n\n\n<div style=\"height:50px\" aria-hidden=\"true\" class=\"wp-block-spacer\"><\/div>\n<\/div><\/div>\n","protected":false},"excerpt":{"rendered":"<div class=\"mh-excerpt\"><\/div>","protected":false},"author":2,"featured_media":69,"parent":0,"menu_order":0,"comment_status":"closed","ping_status":"closed","template":"","meta":{"_seopress_robots_primary_cat":"","_seopress_titles_title":"","_seopress_titles_desc":"","_seopress_robots_index":"","footnotes":""},"class_list":["post-8","page","type-page","status-publish","has-post-thumbnail","hentry"],"_links":{"self":[{"href":"https:\/\/lvsradio.com\/radio\/wp-json\/wp\/v2\/pages\/8","targetHints":{"allow":["GET"]}}],"collection":[{"href":"https:\/\/lvsradio.com\/radio\/wp-json\/wp\/v2\/pages"}],"about":[{"href":"https:\/\/lvsradio.com\/radio\/wp-json\/wp\/v2\/types\/page"}],"author":[{"embeddable":true,"href":"https:\/\/lvsradio.com\/radio\/wp-json\/wp\/v2\/users\/2"}],"replies":[{"embeddable":true,"href":"https:\/\/lvsradio.com\/radio\/wp-json\/wp\/v2\/comments?post=8"}],"version-history":[{"count":24,"href":"https:\/\/lvsradio.com\/radio\/wp-json\/wp\/v2\/pages\/8\/revisions"}],"predecessor-version":[{"id":95,"href":"https:\/\/lvsradio.com\/radio\/wp-json\/wp\/v2\/pages\/8\/revisions\/95"}],"wp:featuredmedia":[{"embeddable":true,"href":"https:\/\/lvsradio.com\/radio\/wp-json\/wp\/v2\/media\/69"}],"wp:attachment":[{"href":"https:\/\/lvsradio.com\/radio\/wp-json\/wp\/v2\/media?parent=8"}],"curies":[{"name":"wp","href":"https:\/\/api.w.org\/{rel}","templated":true}]}}